{"id":2798,"date":"2025-10-24T11:07:15","date_gmt":"2025-10-24T11:07:15","guid":{"rendered":"https:\/\/indutan.pt\/projets\/3s4leather\/"},"modified":"2025-10-27T15:23:01","modified_gmt":"2025-10-27T15:23:01","slug":"3s4leather","status":"publish","type":"page","link":"https:\/\/indutan.pt\/fr\/projets\/3s4leather\/","title":{"rendered":"3S4Leather"},"content":{"rendered":"\t\t<div data-elementor-type=\"wp-page\" data-elementor-id=\"2798\" class=\"elementor elementor-2798 elementor-2752\" data-elementor-post-type=\"page\">\n\t\t\t\t\t\t\t\t\t<section class=\"elementor-section elementor-top-section elementor-element elementor-element-bebfa72 elementor-section-boxed elementor-section-height-default elementor-section-height-default\" data-id=\"bebfa72\" data-element_type=\"section\">\n\t\t\t\t\t\t<div class=\"elementor-container elementor-column-gap-default\">\n\t\t\t\t\t<div class=\"elementor-column elementor-col-100 elementor-top-column elementor-element elementor-element-cb00dc5\" data-id=\"cb00dc5\" data-element_type=\"column\">\n\t\t\t<div class=\"elementor-widget-wrap\">\n\t\t\t\t\t\t\t\t\t<\/div>\n\t\t<\/div>\n\t\t\t\t\t\t\t<\/div>\n\t\t<\/section>\n\t\t\t\t<section class=\"elementor-section elementor-top-section elementor-element elementor-element-7ec3b02 elementor-section-boxed elementor-section-height-default elementor-section-height-default\" data-id=\"7ec3b02\" data-element_type=\"section\">\n\t\t\t\t\t\t<div class=\"elementor-container elementor-column-gap-default\">\n\t\t\t\t\t<div class=\"elementor-column elementor-col-100 elementor-top-column elementor-element elementor-element-12c5b79\" data-id=\"12c5b79\" data-element_type=\"column\">\n\t\t\t<div class=\"elementor-widget-wrap\">\n\t\t\t\t\t\t\t\t\t<\/div>\n\t\t<\/div>\n\t\t\t\t\t\t\t<\/div>\n\t\t<\/section>\n\t\t\t\t<section class=\"elementor-section elementor-top-section elementor-element elementor-element-eedb368 elementor-section-boxed elementor-section-height-default elementor-section-height-default\" data-id=\"eedb368\" data-element_type=\"section\">\n\t\t\t\t\t\t<div class=\"elementor-container elementor-column-gap-default\">\n\t\t\t\t\t<div class=\"elementor-column elementor-col-100 elementor-top-column elementor-element elementor-element-58c1ca7\" data-id=\"58c1ca7\" data-element_type=\"column\">\n\t\t\t<div class=\"elementor-widget-wrap\">\n\t\t\t\t\t\t\t\t\t<\/div>\n\t\t<\/div>\n\t\t\t\t\t\t\t<\/div>\n\t\t<\/section>\n\t\t\t\t<section class=\"elementor-section elementor-top-section elementor-element elementor-element-48dd5d2 elementor-section-boxed elementor-section-height-default elementor-section-height-default\" data-id=\"48dd5d2\" data-element_type=\"section\">\n\t\t\t\t\t\t<div class=\"elementor-container elementor-column-gap-default\">\n\t\t\t\t\t<div class=\"elementor-column elementor-col-100 elementor-top-column elementor-element elementor-element-258c2d9\" data-id=\"258c2d9\" data-element_type=\"column\">\n\t\t\t<div class=\"elementor-widget-wrap\">\n\t\t\t\t\t\t\t\t\t<\/div>\n\t\t<\/div>\n\t\t\t\t\t\t\t<\/div>\n\t\t<\/section>\n\t\t\t\t<section class=\"elementor-section elementor-top-section elementor-element elementor-element-f83c6d9 elementor-section-boxed elementor-section-height-default elementor-section-height-default\" data-id=\"f83c6d9\" data-element_type=\"section\">\n\t\t\t\t\t\t<div class=\"elementor-container elementor-column-gap-default\">\n\t\t\t\t\t<div class=\"elementor-column elementor-col-100 elementor-top-column elementor-element elementor-element-225919d\" data-id=\"225919d\" data-element_type=\"column\">\n\t\t\t<div class=\"elementor-widget-wrap elementor-element-populated\">\n\t\t\t\t\t\t\t\t<div class=\"elementor-element elementor-element-2f04455 elementor-widget elementor-widget-image\" data-id=\"2f04455\" data-element_type=\"widget\" data-widget_type=\"image.default\">\n\t\t\t\t<div class=\"elementor-widget-container\">\n\t\t\t<style>\/*! elementor - v3.17.0 - 08-11-2023 *\/\n.elementor-widget-image{text-align:center}.elementor-widget-image a{display:inline-block}.elementor-widget-image a img[src$=\".svg\"]{width:48px}.elementor-widget-image img{vertical-align:middle;display:inline-block}<\/style>\t\t\t\t\t\t\t\t\t\t\t\t<img loading=\"lazy\" decoding=\"async\" width=\"467\" height=\"471\" src=\"https:\/\/indutan.pt\/wp-content\/uploads\/2025\/10\/s34leather.png\" class=\"attachment-large size-large wp-image-2800\" alt=\"\" srcset=\"https:\/\/indutan.pt\/wp-content\/uploads\/2025\/10\/s34leather.png 467w, https:\/\/indutan.pt\/wp-content\/uploads\/2025\/10\/s34leather-297x300.png 297w, https:\/\/indutan.pt\/wp-content\/uploads\/2025\/10\/s34leather-150x150.png 150w\" sizes=\"auto, (max-width: 467px) 100vw, 467px\" \/>\t\t\t\t\t\t\t\t\t\t\t\t\t\t\t<\/div>\n\t\t\t\t<\/div>\n\t\t\t\t\t<\/div>\n\t\t<\/div>\n\t\t\t\t\t\t\t<\/div>\n\t\t<\/section>\n\t\t\t\t<section class=\"elementor-section elementor-top-section elementor-element elementor-element-7b5d877 elementor-section-boxed elementor-section-height-default elementor-section-height-default\" data-id=\"7b5d877\" data-element_type=\"section\">\n\t\t\t\t\t\t<div class=\"elementor-container elementor-column-gap-default\">\n\t\t\t\t\t<div class=\"elementor-column elementor-col-100 elementor-top-column elementor-element elementor-element-b84316c\" data-id=\"b84316c\" data-element_type=\"column\">\n\t\t\t<div class=\"elementor-widget-wrap elementor-element-populated\">\n\t\t\t\t\t\t\t\t<div class=\"elementor-element elementor-element-492851a elementor-widget elementor-widget-text-editor\" data-id=\"492851a\" data-element_type=\"widget\" data-widget_type=\"text-editor.default\">\n\t\t\t\t<div class=\"elementor-widget-container\">\n\t\t\t<style>\/*! elementor - v3.17.0 - 08-11-2023 *\/\n.elementor-widget-text-editor.elementor-drop-cap-view-stacked .elementor-drop-cap{background-color:#69727d;color:#fff}.elementor-widget-text-editor.elementor-drop-cap-view-framed .elementor-drop-cap{color:#69727d;border:3px solid;background-color:transparent}.elementor-widget-text-editor:not(.elementor-drop-cap-view-default) .elementor-drop-cap{margin-top:8px}.elementor-widget-text-editor:not(.elementor-drop-cap-view-default) .elementor-drop-cap-letter{width:1em;height:1em}.elementor-widget-text-editor .elementor-drop-cap{float:left;text-align:center;line-height:1;font-size:50px}.elementor-widget-text-editor .elementor-drop-cap-letter{display:inline-block}<\/style>\t\t\t\t<p style=\"margin-top: 0px; padding: 0px; margin-bottom: 20px; color: #111111; font-family: 'Open Sans', sans-serif; text-align: justify; text-decoration-line: inherit !important; line-height: inherit !important;\">Nom du projet : 3S4LEATHER \u2013 Solutions Durables et Sensoris\u00e9es \u00e0 base de D\u00e9chets de Cuir par Fabrication Additive<\/p><p style=\"margin-top: 20px; padding: 0px; margin-bottom: 20px; color: #111111; font-family: 'Open Sans', sans-serif; text-align: justify; text-decoration-line: inherit !important; line-height: inherit !important;\">Acronyme du projet : 3S4LEATHER<\/p><p style=\"margin-top: 20px; padding: 0px; margin-bottom: 20px; color: #111111; font-family: 'Open Sans', sans-serif; text-align: justify; text-decoration-line: inherit !important; line-height: inherit !important;\"><strong style=\"font-weight: bold;\">Logo du projet : <\/strong><\/p><figure class=\"wp-block-image size-large is-resized\" style=\"margin-bottom: 0px; color: #111111; font-family: 'Open Sans', sans-serif; text-align: justify;\"><img loading=\"lazy\" decoding=\"async\" class=\"wp-image-13304\" style=\"border-width: 0px; width: 258px;\" src=\"https:\/\/ctic.pt\/wp-content\/uploads\/2025\/04\/3s4LEATHER2baixo-1024x384.jpg\" sizes=\"auto, (max-width: 709px) 85vw, (max-width: 909px) 67vw, (max-width: 1362px) 62vw, 840px\" srcset=\"https:\/\/ctic.pt\/wp-content\/uploads\/2025\/04\/3s4LEATHER2baixo-1024x384.jpg 1024w, https:\/\/ctic.pt\/wp-content\/uploads\/2025\/04\/3s4LEATHER2baixo-300x112.jpg 300w, https:\/\/ctic.pt\/wp-content\/uploads\/2025\/04\/3s4LEATHER2baixo-768x288.jpg 768w, https:\/\/ctic.pt\/wp-content\/uploads\/2025\/04\/3s4LEATHER2baixo-1200x450.jpg 1200w, https:\/\/ctic.pt\/wp-content\/uploads\/2025\/04\/3s4LEATHER2baixo.jpg 1278w\" alt=\"\" width=\"1024\" height=\"384\" \/><\/figure><p style=\"margin-top: 20px; padding: 0px; margin-bottom: 20px; color: #111111; font-family: 'Open Sans', sans-serif; text-align: justify; text-decoration-line: inherit !important; line-height: inherit !important;\"><strong style=\"font-weight: bold;\">Cofinanc\u00e9 par :<\/strong><\/p><figure class=\"wp-block-image size-large\" style=\"margin-bottom: 0px; color: #111111; font-family: 'Open Sans', sans-serif; text-align: justify;\"><a href=\"https:\/\/indutan.pt\/wp-content\/uploads\/2025\/10\/Ficha_de_OperacaoA4_COMPETE-2030_INDUTAN.pdf\"><img loading=\"lazy\" decoding=\"async\" class=\"wp-image-13305\" style=\"border-width: 0px; width: auto;\" src=\"https:\/\/ctic.pt\/wp-content\/uploads\/2025\/04\/Barra-de-Logos_C2030_PT2030_UE-1024x106.png\" sizes=\"auto, (max-width: 709px) 85vw, (max-width: 909px) 67vw, (max-width: 1362px) 62vw, 840px\" srcset=\"https:\/\/ctic.pt\/wp-content\/uploads\/2025\/04\/Barra-de-Logos_C2030_PT2030_UE-1024x106.png 1024w, https:\/\/ctic.pt\/wp-content\/uploads\/2025\/04\/Barra-de-Logos_C2030_PT2030_UE-300x31.png 300w, https:\/\/ctic.pt\/wp-content\/uploads\/2025\/04\/Barra-de-Logos_C2030_PT2030_UE-768x79.png 768w, https:\/\/ctic.pt\/wp-content\/uploads\/2025\/04\/Barra-de-Logos_C2030_PT2030_UE-1536x158.png 1536w, https:\/\/ctic.pt\/wp-content\/uploads\/2025\/04\/Barra-de-Logos_C2030_PT2030_UE-2048x211.png 2048w, https:\/\/ctic.pt\/wp-content\/uploads\/2025\/04\/Barra-de-Logos_C2030_PT2030_UE-1200x124.png 1200w\" alt=\"\" width=\"1024\" height=\"106\" \/><\/a><\/figure><p style=\"margin-top: 20px; padding: 0px; margin-bottom: 20px; color: #111111; font-family: 'Open Sans', sans-serif; text-align: justify; text-decoration-line: inherit !important; line-height: inherit !important;\">Code de l\u2019appel : MPr-2023-7 \u2013 SIID \u2013 R&amp;D Entrepreneuriale \u2013 Copromotion<\/p><p style=\"margin-top: 20px; padding: 0px; margin-bottom: 20px; color: #111111; font-family: 'Open Sans', sans-serif; text-align: justify; text-decoration-line: inherit !important; line-height: inherit !important;\">Type d\u2019intervention : R&amp;D Entrepreneuriale<\/p><p style=\"margin-top: 20px; padding: 0px; margin-bottom: 20px; color: #111111; font-family: 'Open Sans', sans-serif; text-align: justify; text-decoration-line: inherit !important; line-height: inherit !important;\">Code de l\u2019op\u00e9ration : COMPETE2030-FEDER-01184000<\/p><p style=\"margin-top: 20px; padding: 0px; margin-bottom: 20px; color: #111111; font-family: 'Open Sans', sans-serif; text-align: justify; text-decoration-line: inherit !important; line-height: inherit !important;\">Num\u00e9ro du projet : 17350<\/p><p style=\"margin-top: 20px; padding: 0px; margin-bottom: 20px; color: #111111; font-family: 'Open Sans', sans-serif; text-align: justify; text-decoration-line: inherit !important; line-height: inherit !important;\">B\u00e9n\u00e9ficiaires :<\/p><p style=\"margin-top: 20px; padding: 0px; margin-bottom: 20px; color: #111111; font-family: 'Open Sans', sans-serif; text-align: justify; text-decoration-line: inherit !important; line-height: inherit !important;\"><strong style=\"font-weight: bold;\">Promoteur principal :<\/strong><\/p><p style=\"margin-top: 20px; padding: 0px; margin-bottom: 20px; color: #111111; font-family: 'Open Sans', sans-serif; text-align: justify; text-decoration-line: inherit !important; line-height: inherit !important;\">INDUTAN \u2013 COM\u00c9RCIO E IND\u00daSTRIA DE PELES S.A.<\/p><p style=\"margin-top: 20px; padding: 0px; margin-bottom: 20px; color: #111111; font-family: 'Open Sans', sans-serif; text-align: justify; text-decoration-line: inherit !important; line-height: inherit !important;\"><strong style=\"font-weight: bold;\">Co-promoteurs :<\/strong><\/p><p style=\"margin-top: 20px; padding: 0px; margin-bottom: 20px; color: #111111; font-family: 'Open Sans', sans-serif; text-align: justify; text-decoration-line: inherit !important; line-height: inherit !important;\">CTIC \u2013 Centro Tecnol\u00f3gico das Ind\u00fastrias do Couro<\/p><p style=\"margin-top: 20px; padding: 0px; margin-bottom: 20px; color: #111111; font-family: 'Open Sans', sans-serif; text-align: justify; text-decoration-line: inherit !important; line-height: inherit !important;\">UA \u2013 UNIVERSIDADE DE AVEIRO<\/p><p style=\"margin-top: 20px; padding: 0px; margin-bottom: 20px; color: #111111; font-family: 'Open Sans', sans-serif; text-align: justify; text-decoration-line: inherit !important; line-height: inherit !important;\">Fernando Ferro &amp; Irm\u00e3o, S.A.<\/p><p style=\"margin-top: 20px; padding: 0px; margin-bottom: 20px; color: #111111; font-family: 'Open Sans', sans-serif; text-align: justify; text-decoration-line: inherit !important; line-height: inherit !important;\">CTCP \u2013 Centro Tecnol\u00f3gico do Cal\u00e7ado de Portugal<\/p><p style=\"margin-top: 20px; padding: 0px; margin-bottom: 20px; color: #111111; font-family: 'Open Sans', sans-serif; text-align: justify; text-decoration-line: inherit !important; line-height: inherit !important;\">Dur\u00e9e : D\u00e9but : 01-01-2025 | Fin : 31-12-2027<\/p><p style=\"margin-top: 20px; padding: 0px; margin-bottom: 20px; color: #111111; font-family: 'Open Sans', sans-serif; text-align: justify; text-decoration-line: inherit !important; line-height: inherit !important;\"><strong style=\"font-weight: bold;\">Objectif : <\/strong><\/p><p style=\"margin-top: 20px; padding: 0px; margin-bottom: 20px; color: #111111; font-family: 'Open Sans', sans-serif; text-align: justify; text-decoration-line: inherit !important; line-height: inherit !important;\">Le projet 3S4Leather est centr\u00e9 sur le d\u00e9veloppement de solutions durables et sensoris\u00e9es \u00e0 base de d\u00e9chets de cuir par fabrication additive (AM, pour Additive Manufacturing). Il repose sur deux objectifs principaux : la valorisation des d\u00e9chets de cuir provenant de l\u2019industrie du tannage et le d\u00e9veloppement de nouvelles solutions durables et sensoris\u00e9es pour l\u2019industrie de la chaussure, \u00e0 base de r\u00e9sidus de cuir et fabriqu\u00e9es par fabrication additive. Dans ce cadre, de nouvelles formulations seront d\u00e9velopp\u00e9es et adapt\u00e9es \u00e0 deux technologies additives : la Fabrication par Filament Fondu (FFF) et le Frittage S\u00e9lectif par Laser<\/p><p style=\"margin-top: 20px; padding: 0px; margin-bottom: 20px; color: #111111; font-family: 'Open Sans', sans-serif; text-align: justify; text-decoration-line: inherit !important; line-height: inherit !important;\">Co\u00fbt total \u00e9ligible : 1.050.694,24\u20ac<\/p><p style=\"margin-top: 20px; padding: 0px; margin-bottom: 20px; color: #111111; font-family: 'Open Sans', sans-serif; text-align: justify; text-decoration-line: inherit !important; line-height: inherit !important;\">Aide totale : 791.965,67\u20ac<\/p><p style=\"margin-top: 20px; padding: 0px; margin-bottom: 20px; color: #111111; font-family: 'Open Sans', sans-serif; text-align: justify; text-decoration-line: inherit !important; line-height: inherit !important;\"><img loading=\"lazy\" decoding=\"async\" class=\"wp-image-13306\" style=\"border-width: 0px; vertical-align: bottom; width: 840px;\" src=\"https:\/\/ctic.pt\/wp-content\/uploads\/2025\/04\/Barra-Logos-Parceria.png\" sizes=\"auto, (max-width: 564px) 85vw, 564px\" srcset=\"https:\/\/ctic.pt\/wp-content\/uploads\/2025\/04\/Barra-Logos-Parceria.png 564w, https:\/\/ctic.pt\/wp-content\/uploads\/2025\/04\/Barra-Logos-Parceria-300x40.png 300w\" alt=\"\" width=\"564\" height=\"76\" \/><\/p><p style=\"margin-top: 20px; padding: 0px; margin-bottom: 20px; color: #111111; font-family: 'Open Sans', sans-serif; text-align: justify; text-decoration-line: inherit !important; line-height: inherit !important;\">\u00a0<\/p>\t\t\t\t\t\t<\/div>\n\t\t\t\t<\/div>\n\t\t\t\t\t<\/div>\n\t\t<\/div>\n\t\t\t\t\t\t\t<\/div>\n\t\t<\/section>\n\t\t\t\t\t\t\t<\/div>\n\t\t","protected":false},"excerpt":{"rendered":"<p>Nom du projet : 3S4LEATHER \u2013 Solutions Durables et Sensoris\u00e9es \u00e0 base de D\u00e9chets de Cuir par Fabrication Additive Acronyme du projet : 3S4LEATHER Logo du projet : Cofinanc\u00e9 par : Code de l\u2019appel : MPr-2023-7 \u2013 SIID \u2013 R&amp;D Entrepreneuriale \u2013 Copromotion Type d\u2019intervention : R&amp;D Entrepreneuriale Code de l\u2019op\u00e9ration : COMPETE2030-FEDER-01184000 Num\u00e9ro du [&hellip;]<\/p>\n","protected":false},"author":1,"featured_media":0,"parent":2320,"menu_order":0,"comment_status":"closed","ping_status":"closed","template":"elementor_header_footer","meta":{"footnotes":""},"class_list":["post-2798","page","type-page","status-publish","hentry"],"_links":{"self":[{"href":"https:\/\/indutan.pt\/fr\/wp-json\/wp\/v2\/pages\/2798","targetHints":{"allow":["GET"]}}],"collection":[{"href":"https:\/\/indutan.pt\/fr\/wp-json\/wp\/v2\/pages"}],"about":[{"href":"https:\/\/indutan.pt\/fr\/wp-json\/wp\/v2\/types\/page"}],"author":[{"embeddable":true,"href":"https:\/\/indutan.pt\/fr\/wp-json\/wp\/v2\/users\/1"}],"replies":[{"embeddable":true,"href":"https:\/\/indutan.pt\/fr\/wp-json\/wp\/v2\/comments?post=2798"}],"version-history":[{"count":5,"href":"https:\/\/indutan.pt\/fr\/wp-json\/wp\/v2\/pages\/2798\/revisions"}],"predecessor-version":[{"id":2859,"href":"https:\/\/indutan.pt\/fr\/wp-json\/wp\/v2\/pages\/2798\/revisions\/2859"}],"up":[{"embeddable":true,"href":"https:\/\/indutan.pt\/fr\/wp-json\/wp\/v2\/pages\/2320"}],"wp:attachment":[{"href":"https:\/\/indutan.pt\/fr\/wp-json\/wp\/v2\/media?parent=2798"}],"curies":[{"name":"wp","href":"https:\/\/api.w.org\/{rel}","templated":true}]}}