{"id":2314,"date":"2023-03-10T12:55:13","date_gmt":"2023-03-10T12:55:13","guid":{"rendered":"http:\/\/indutan.pt\/r-d\/"},"modified":"2023-09-21T14:00:13","modified_gmt":"2023-09-21T14:00:13","slug":"r-d","status":"publish","type":"page","link":"http:\/\/indutan.pt\/fr\/r-d\/","title":{"rendered":"R &amp; D"},"content":{"rendered":"\t\t<div data-elementor-type=\"wp-page\" data-elementor-id=\"2314\" class=\"elementor elementor-2314 elementor-174\" data-elementor-post-type=\"page\">\n\t\t\t\t\t\t\t\t\t<section class=\"elementor-section elementor-top-section elementor-element elementor-element-6c31b4d7 elementor-section-height-min-height elementor-section-boxed elementor-section-height-default elementor-section-items-middle\" data-id=\"6c31b4d7\" data-element_type=\"section\" data-settings=\"{&quot;background_background&quot;:&quot;classic&quot;}\">\n\t\t\t\t\t\t\t<div class=\"elementor-background-overlay\"><\/div>\n\t\t\t\t\t\t\t<div class=\"elementor-container elementor-column-gap-default\">\n\t\t\t\t\t<div class=\"elementor-column elementor-col-100 elementor-top-column elementor-element elementor-element-39cd6800\" data-id=\"39cd6800\" data-element_type=\"column\">\n\t\t\t<div class=\"elementor-widget-wrap elementor-element-populated\">\n\t\t\t\t\t\t\t\t<div class=\"elementor-element elementor-element-63464a51 elementor-invisible elementor-widget elementor-widget-heading\" data-id=\"63464a51\" data-element_type=\"widget\" data-settings=\"{&quot;_animation&quot;:&quot;fadeInUp&quot;}\" data-widget_type=\"heading.default\">\n\t\t\t\t<div class=\"elementor-widget-container\">\n\t\t\t<style>\/*! elementor - v3.17.0 - 08-11-2023 *\/\n.elementor-heading-title{padding:0;margin:0;line-height:1}.elementor-widget-heading .elementor-heading-title[class*=elementor-size-]>a{color:inherit;font-size:inherit;line-height:inherit}.elementor-widget-heading .elementor-heading-title.elementor-size-small{font-size:15px}.elementor-widget-heading .elementor-heading-title.elementor-size-medium{font-size:19px}.elementor-widget-heading .elementor-heading-title.elementor-size-large{font-size:29px}.elementor-widget-heading .elementor-heading-title.elementor-size-xl{font-size:39px}.elementor-widget-heading .elementor-heading-title.elementor-size-xxl{font-size:59px}<\/style><h1 class=\"elementor-heading-title elementor-size-default\">Recherche et D\u00e9veloppement<\/h1>\t\t<\/div>\n\t\t\t\t<\/div>\n\t\t\t\t<div class=\"elementor-element elementor-element-afbe73c elementor-invisible elementor-widget elementor-widget-text-editor\" data-id=\"afbe73c\" data-element_type=\"widget\" data-settings=\"{&quot;_animation&quot;:&quot;fadeInDown&quot;}\" data-widget_type=\"text-editor.default\">\n\t\t\t\t<div class=\"elementor-widget-container\">\n\t\t\t<style>\/*! elementor - v3.17.0 - 08-11-2023 *\/\n.elementor-widget-text-editor.elementor-drop-cap-view-stacked .elementor-drop-cap{background-color:#69727d;color:#fff}.elementor-widget-text-editor.elementor-drop-cap-view-framed .elementor-drop-cap{color:#69727d;border:3px solid;background-color:transparent}.elementor-widget-text-editor:not(.elementor-drop-cap-view-default) .elementor-drop-cap{margin-top:8px}.elementor-widget-text-editor:not(.elementor-drop-cap-view-default) .elementor-drop-cap-letter{width:1em;height:1em}.elementor-widget-text-editor .elementor-drop-cap{float:left;text-align:center;line-height:1;font-size:50px}.elementor-widget-text-editor .elementor-drop-cap-letter{display:inline-block}<\/style>\t\t\t\t<p>INDUTAN &#8211; COM\u00c9RCIO E IND\u00daSTRIA DE PELES S.A.<\/p>\n\t\t\t\t\t\t<\/div>\n\t\t\t\t<\/div>\n\t\t\t\t\t<\/div>\n\t\t<\/div>\n\t\t\t\t\t\t\t<\/div>\n\t\t<\/section>\n\t\t\t\t<section class=\"elementor-section elementor-top-section elementor-element elementor-element-65aebf14 elementor-section-full_width elementor-section-height-default elementor-section-height-default\" data-id=\"65aebf14\" data-element_type=\"section\" data-settings=\"{&quot;background_background&quot;:&quot;classic&quot;}\">\n\t\t\t\t\t\t<div class=\"elementor-container elementor-column-gap-default\">\n\t\t\t\t\t<div class=\"elementor-column elementor-col-100 elementor-top-column elementor-element elementor-element-41ba8ec2\" data-id=\"41ba8ec2\" data-element_type=\"column\">\n\t\t\t<div class=\"elementor-widget-wrap elementor-element-populated\">\n\t\t\t\t\t\t\t\t<div class=\"elementor-element elementor-element-42470376 elementor-view-default elementor-invisible elementor-widget elementor-widget-icon\" data-id=\"42470376\" data-element_type=\"widget\" data-settings=\"{&quot;_animation&quot;:&quot;fadeInDown&quot;}\" data-widget_type=\"icon.default\">\n\t\t\t\t<div class=\"elementor-widget-container\">\n\t\t\t\t\t<div class=\"elementor-icon-wrapper\">\n\t\t\t<a class=\"elementor-icon\" href=\"#services\">\n\t\t\t<svg xmlns=\"http:\/\/www.w3.org\/2000\/svg\" id=\"f091b371-0a0c-4a7a-b831-d1a750619811\" data-name=\"Layer 1\" viewBox=\"0 0 24.9999 32\"><title>scroll-down-icon<\/title><g id=\"a2db11b3-5623-466b-a28d-fa1595a1ff7d\" data-name=\"Home-Page-\"><g id=\"a060ad71-be4b-4462-8469-bf6bb42ed1bf\" data-name=\"Hero\"><path d=\"M24.8505,18.7959a.5.5,0,0,0-.707.0059L12.871,30.2773V.5a.5.5,0,0,0-1,0V30.2588L.86,18.8057A.5.5,0,1,0,.14,19.499L12.0087,31.8447l.0078.0078.001.001a.5057.5057,0,0,0,.1274.0928h.001l.001.001.0015.0009a.3267.3267,0,0,0,.0415.0176A.5029.5029,0,0,0,12.3573,32h.0288a.4941.4941,0,0,0,.1783-.0391l.02-.0078v-.001h.002l.0014-.0009a.4835.4835,0,0,0,.1358-.0967h0l.0054-.0059L24.8564,19.5029A.5.5,0,0,0,24.8505,18.7959Z\"><\/path><\/g><\/g><\/svg>\t\t\t<\/a>\n\t\t<\/div>\n\t\t\t\t<\/div>\n\t\t\t\t<\/div>\n\t\t\t\t\t<\/div>\n\t\t<\/div>\n\t\t\t\t\t\t\t<\/div>\n\t\t<\/section>\n\t\t\t\t<section class=\"elementor-section elementor-top-section elementor-element elementor-element-305e0a97 elementor-section-height-min-height elementor-section-boxed elementor-section-height-default elementor-section-items-middle\" data-id=\"305e0a97\" data-element_type=\"section\" id=\"services\">\n\t\t\t\t\t\t<div class=\"elementor-container elementor-column-gap-default\">\n\t\t\t\t\t<div class=\"elementor-column elementor-col-100 elementor-top-column elementor-element elementor-element-4bda3dc5\" data-id=\"4bda3dc5\" data-element_type=\"column\">\n\t\t\t<div class=\"elementor-widget-wrap elementor-element-populated\">\n\t\t\t\t\t\t\t\t<section class=\"elementor-section elementor-inner-section elementor-element elementor-element-5f42270d elementor-section-full_width elementor-section-height-default elementor-section-height-default elementor-invisible\" data-id=\"5f42270d\" data-element_type=\"section\" data-settings=\"{&quot;animation&quot;:&quot;fadeInUp&quot;}\">\n\t\t\t\t\t\t<div class=\"elementor-container elementor-column-gap-default\">\n\t\t\t\t\t<div class=\"elementor-column elementor-col-100 elementor-inner-column elementor-element elementor-element-650eaeea\" data-id=\"650eaeea\" data-element_type=\"column\">\n\t\t\t<div class=\"elementor-widget-wrap elementor-element-populated\">\n\t\t\t\t\t\t\t\t<div class=\"elementor-element elementor-element-40d9f072 elementor-view-default elementor-position-top elementor-mobile-position-top elementor-widget elementor-widget-icon-box\" data-id=\"40d9f072\" data-element_type=\"widget\" data-widget_type=\"icon-box.default\">\n\t\t\t\t<div class=\"elementor-widget-container\">\n\t\t\t<link rel=\"stylesheet\" href=\"https:\/\/indutan.pt\/wp-content\/plugins\/elementor\/assets\/css\/widget-icon-box.min.css\">\t\t<div class=\"elementor-icon-box-wrapper\">\n\t\t\t\t\t\t<div class=\"elementor-icon-box-icon\">\n\t\t\t\t<span  class=\"elementor-icon elementor-animation-\">\n\t\t\t\t<svg xmlns=\"http:\/\/www.w3.org\/2000\/svg\" xmlns:xlink=\"http:\/\/www.w3.org\/1999\/xlink\" id=\"e1c5eae5-5c9a-4cac-8583-edb364955efe\" x=\"0px\" y=\"0px\" viewBox=\"0 0 23.4 58.5\" style=\"enable-background:new 0 0 23.4 58.5;\" xml:space=\"preserve\"><path d=\"M7.4,51.1V0H0v51.1l0.1,0.2l3.8,7.3l3.4-7.3L7.4,51.1z M1.7,7h4v42.6h-4V7z M5.7,1.7v3.6h-4V1.7H5.7z M3.8,54.7L2,51.3h3.5  L3.8,54.7z\"><\/path><path d=\"M16,0v51.3h7.4V0H16z M21.7,49.6h-4V41h2v-1.7h-2v-3.1h2v-1.7h-2v-3.1h2v-1.7h-2v-3.1h2v-1.7h-2v-3.1h2V20h-2v-3.1h2v-1.7  h-2V12h2v-1.7h-2V7.1h2V5.4h-2V1.7h4L21.7,49.6z\"><\/path><\/svg>\t\t\t\t<\/span>\n\t\t\t<\/div>\n\t\t\t\t\t\t<div class=\"elementor-icon-box-content\">\n\t\t\t\t<h3 class=\"elementor-icon-box-title\">\n\t\t\t\t\t<span  >\n\t\t\t\t\t\tProduits personnalis\u00e9s\t\t\t\t\t<\/span>\n\t\t\t\t<\/h3>\n\t\t\t\t\t\t\t\t\t<p class=\"elementor-icon-box-description\">\n\t\t\t\t\t\tOutre la production et le d\u00e9veloppement de produits selon les sp\u00e9cifications et les besoins des clients, INDUTAN a le pouvoir et la capacit\u00e9 de cr\u00e9er et de d\u00e9velopper ses propres produits, qu'elle pr\u00e9sente r\u00e9guli\u00e8rement lors de foires commerciales et qu'elle met \u00e0 la disposition des stylistes et des cr\u00e9ateurs de mode du monde entier.\t\t\t\t\t<\/p>\n\t\t\t\t\t\t\t<\/div>\n\t\t<\/div>\n\t\t\t\t<\/div>\n\t\t\t\t<\/div>\n\t\t\t\t\t<\/div>\n\t\t<\/div>\n\t\t\t\t\t\t\t<\/div>\n\t\t<\/section>\n\t\t\t\t\t<\/div>\n\t\t<\/div>\n\t\t\t\t\t\t\t<\/div>\n\t\t<\/section>\n\t\t\t\t<section class=\"elementor-section elementor-top-section elementor-element elementor-element-4d78bc6e elementor-section-full_width elementor-section-height-default elementor-section-height-default\" data-id=\"4d78bc6e\" data-element_type=\"section\">\n\t\t\t\t\t\t<div class=\"elementor-container elementor-column-gap-default\">\n\t\t\t\t\t<div class=\"elementor-column elementor-col-100 elementor-top-column elementor-element elementor-element-716c500a\" data-id=\"716c500a\" data-element_type=\"column\">\n\t\t\t<div class=\"elementor-widget-wrap elementor-element-populated\">\n\t\t\t\t\t\t\t\t<div class=\"elementor-element elementor-element-5836a72b elementor-cta--skin-cover elementor-cta--valign-middle elementor-invisible elementor-widget elementor-widget-call-to-action\" data-id=\"5836a72b\" data-element_type=\"widget\" data-settings=\"{&quot;_animation&quot;:&quot;fadeInUp&quot;}\" data-widget_type=\"call-to-action.default\">\n\t\t\t\t<div class=\"elementor-widget-container\">\n\t\t\t<link rel=\"stylesheet\" href=\"https:\/\/indutan.pt\/wp-content\/plugins\/elementor-pro\/assets\/css\/widget-call-to-action.min.css\">\t\t<a class=\"elementor-cta\" href=\"http:\/\/indutan.pt\/produtos\/\">\n\t\t\t\t\t<div class=\"elementor-cta__bg-wrapper\">\n\t\t\t\t<div class=\"elementor-cta__bg elementor-bg\" style=\"background-image: url(http:\/\/indutan.pt\/wp-content\/uploads\/2023\/03\/WhatsApp-Image-2023-03-15-at-10.14.01-1.jpeg);\" role=\"img\" aria-label=\"WhatsApp Image 2023-03-15 at 10.14.01 (1)\"><\/div>\n\t\t\t\t<div class=\"elementor-cta__bg-overlay\"><\/div>\n\t\t\t<\/div>\n\t\t\t\t\t\t\t<div class=\"elementor-cta__content\">\n\t\t\t\t\n\t\t\t\t\t\t\t\t\t<h3 class=\"elementor-cta__title elementor-cta__content-item elementor-content-item\">\n\t\t\t\t\t\tR &amp; D\t\t\t\t\t<\/h3>\n\t\t\t\t\n\t\t\t\t\t\t\t\t\t<div class=\"elementor-cta__description elementor-cta__content-item elementor-content-item\">\n\t\t\t\t\t\t<p>Nous disposons d'une large gamme de produits, d\u00e9velopp\u00e9s au fur et \u00e0 mesure de l'\u00e9volution du secteur et de l'entreprise, en tirant toujours le meilleur parti du savoir-faire que nous avons acquis et en proposant des produits \u00e0 la fois traditionnels et innovants. Dans ce domaine, nous visons \u00e9galement \u00e0 r\u00e9soudre des probl\u00e8mes en \u00e9laborant des solutions pour nos clients, en d\u00e9veloppant et en am\u00e9liorant des articles en fonction de leurs besoins.<br \/>\n <\/p>\n<p>Les activit\u00e9s d'innovation et de d\u00e9veloppement sont coordonn\u00e9es et suivies par le laboratoire de l'entreprise, qui analyse et valide les crit\u00e8res d\u00e9finis pour chaque article.<br \/>\n<\/p>\n<p>Les activit\u00e9s d'innovation et de d\u00e9veloppement sont coordonn\u00e9es et suivies par le laboratoire de l'entreprise, qui analyse et valide les crit\u00e8res d\u00e9finis pour chaque article.<\/p>\n\t\t\t\t\t<\/div>\n\t\t\t\t\n\t\t\t\t\t\t\t\t\t<div class=\"elementor-cta__button-wrapper elementor-cta__content-item elementor-content-item \">\n\t\t\t\t\t<span class=\"elementor-cta__button elementor-button elementor-size-xs\">\n\t\t\t\t\t\tVOIR PORTEFEUILLE DE PRODUITS\t\t\t\t\t<\/span>\n\t\t\t\t\t<\/div>\n\t\t\t\t\t\t\t<\/div>\n\t\t\t\t\t\t<\/a>\n\t\t\t\t<\/div>\n\t\t\t\t<\/div>\n\t\t\t\t\t<\/div>\n\t\t<\/div>\n\t\t\t\t\t\t\t<\/div>\n\t\t<\/section>\n\t\t\t\t\t\t\t<\/div>\n\t\t","protected":false},"excerpt":{"rendered":"<p>Recherche et D\u00e9veloppement INDUTAN &#8211; COM\u00c9RCIO E IND\u00daSTRIA DE PELES S.A. scroll-down-icon Produits personnalis\u00e9s Outre la production et le d\u00e9veloppement de produits selon les sp\u00e9cifications et les besoins des clients, INDUTAN a le pouvoir et la capacit\u00e9 de cr\u00e9er et de d\u00e9velopper ses propres produits, qu&rsquo;elle pr\u00e9sente r\u00e9guli\u00e8rement lors de foires commerciales et qu&rsquo;elle met [&hellip;]<\/p>\n","protected":false},"author":1,"featured_media":0,"parent":0,"menu_order":0,"comment_status":"closed","ping_status":"closed","template":"elementor_header_footer","meta":{"footnotes":""},"class_list":["post-2314","page","type-page","status-publish","hentry"],"_links":{"self":[{"href":"http:\/\/indutan.pt\/fr\/wp-json\/wp\/v2\/pages\/2314","targetHints":{"allow":["GET"]}}],"collection":[{"href":"http:\/\/indutan.pt\/fr\/wp-json\/wp\/v2\/pages"}],"about":[{"href":"http:\/\/indutan.pt\/fr\/wp-json\/wp\/v2\/types\/page"}],"author":[{"embeddable":true,"href":"http:\/\/indutan.pt\/fr\/wp-json\/wp\/v2\/users\/1"}],"replies":[{"embeddable":true,"href":"http:\/\/indutan.pt\/fr\/wp-json\/wp\/v2\/comments?post=2314"}],"version-history":[{"count":1,"href":"http:\/\/indutan.pt\/fr\/wp-json\/wp\/v2\/pages\/2314\/revisions"}],"predecessor-version":[{"id":2315,"href":"http:\/\/indutan.pt\/fr\/wp-json\/wp\/v2\/pages\/2314\/revisions\/2315"}],"wp:attachment":[{"href":"http:\/\/indutan.pt\/fr\/wp-json\/wp\/v2\/media?parent=2314"}],"curies":[{"name":"wp","href":"https:\/\/api.w.org\/{rel}","templated":true}]}}