{"id":2306,"date":"2023-03-10T12:37:20","date_gmt":"2023-03-10T12:37:20","guid":{"rendered":"http:\/\/indutan.pt\/entreprise\/"},"modified":"2023-09-21T15:59:47","modified_gmt":"2023-09-21T15:59:47","slug":"entreprise","status":"publish","type":"page","link":"http:\/\/indutan.pt\/fr\/entreprise\/","title":{"rendered":"ENTREPRISE"},"content":{"rendered":"\t\t<div data-elementor-type=\"wp-page\" data-elementor-id=\"2306\" class=\"elementor elementor-2306 elementor-66\" data-elementor-post-type=\"page\">\n\t\t\t\t\t\t\t\t\t<section class=\"elementor-section elementor-top-section elementor-element elementor-element-f12470f elementor-section-full_width elementor-section-height-min-height elementor-section-height-default elementor-section-items-middle\" data-id=\"f12470f\" data-element_type=\"section\" data-settings=\"{&quot;background_background&quot;:&quot;classic&quot;}\">\n\t\t\t\t\t\t\t<div class=\"elementor-background-overlay\"><\/div>\n\t\t\t\t\t\t\t<div class=\"elementor-container elementor-column-gap-default\">\n\t\t\t\t\t<div class=\"elementor-column elementor-col-100 elementor-top-column elementor-element elementor-element-2386ab63\" data-id=\"2386ab63\" data-element_type=\"column\">\n\t\t\t<div class=\"elementor-widget-wrap elementor-element-populated\">\n\t\t\t\t\t\t\t\t<div class=\"elementor-element elementor-element-1fe782d0 elementor-invisible elementor-widget elementor-widget-heading\" data-id=\"1fe782d0\" data-element_type=\"widget\" data-settings=\"{&quot;_animation&quot;:&quot;fadeInDown&quot;}\" data-widget_type=\"heading.default\">\n\t\t\t\t<div class=\"elementor-widget-container\">\n\t\t\t<style>\/*! elementor - v3.17.0 - 08-11-2023 *\/\n.elementor-heading-title{padding:0;margin:0;line-height:1}.elementor-widget-heading .elementor-heading-title[class*=elementor-size-]>a{color:inherit;font-size:inherit;line-height:inherit}.elementor-widget-heading .elementor-heading-title.elementor-size-small{font-size:15px}.elementor-widget-heading .elementor-heading-title.elementor-size-medium{font-size:19px}.elementor-widget-heading .elementor-heading-title.elementor-size-large{font-size:29px}.elementor-widget-heading .elementor-heading-title.elementor-size-xl{font-size:39px}.elementor-widget-heading .elementor-heading-title.elementor-size-xxl{font-size:59px}<\/style><h1 class=\"elementor-heading-title elementor-size-default\">PROPOS DE NOUS<br> <\/h1>\t\t<\/div>\n\t\t\t\t<\/div>\n\t\t\t\t<div class=\"elementor-element elementor-element-94cbf5f elementor-invisible elementor-widget elementor-widget-text-editor\" data-id=\"94cbf5f\" data-element_type=\"widget\" data-settings=\"{&quot;_animation&quot;:&quot;fadeInUp&quot;}\" data-widget_type=\"text-editor.default\">\n\t\t\t\t<div class=\"elementor-widget-container\">\n\t\t\t<style>\/*! elementor - v3.17.0 - 08-11-2023 *\/\n.elementor-widget-text-editor.elementor-drop-cap-view-stacked .elementor-drop-cap{background-color:#69727d;color:#fff}.elementor-widget-text-editor.elementor-drop-cap-view-framed .elementor-drop-cap{color:#69727d;border:3px solid;background-color:transparent}.elementor-widget-text-editor:not(.elementor-drop-cap-view-default) .elementor-drop-cap{margin-top:8px}.elementor-widget-text-editor:not(.elementor-drop-cap-view-default) .elementor-drop-cap-letter{width:1em;height:1em}.elementor-widget-text-editor .elementor-drop-cap{float:left;text-align:center;line-height:1;font-size:50px}.elementor-widget-text-editor .elementor-drop-cap-letter{display:inline-block}<\/style>\t\t\t\t<p>INDUTAN &#8211; COM\u00c9RCIO E IND\u00daSTRIA DE PELES S.A.<\/p>\n\t\t\t\t\t\t<\/div>\n\t\t\t\t<\/div>\n\t\t\t\t\t<\/div>\n\t\t<\/div>\n\t\t\t\t\t\t\t<\/div>\n\t\t<\/section>\n\t\t\t\t<section class=\"elementor-section elementor-top-section elementor-element elementor-element-a0ce04d elementor-section-full_width elementor-section-height-default elementor-section-height-default\" data-id=\"a0ce04d\" data-element_type=\"section\" data-settings=\"{&quot;background_background&quot;:&quot;classic&quot;}\">\n\t\t\t\t\t\t<div class=\"elementor-container elementor-column-gap-default\">\n\t\t\t\t\t<div class=\"elementor-column elementor-col-100 elementor-top-column elementor-element elementor-element-6a577cf4\" data-id=\"6a577cf4\" data-element_type=\"column\">\n\t\t\t<div class=\"elementor-widget-wrap elementor-element-populated\">\n\t\t\t\t\t\t\t\t<div class=\"elementor-element elementor-element-32af870f elementor-view-default elementor-invisible elementor-widget elementor-widget-icon\" data-id=\"32af870f\" data-element_type=\"widget\" data-settings=\"{&quot;_animation&quot;:&quot;fadeInDown&quot;}\" data-widget_type=\"icon.default\">\n\t\t\t\t<div class=\"elementor-widget-container\">\n\t\t\t\t\t<div class=\"elementor-icon-wrapper\">\n\t\t\t<a class=\"elementor-icon\" href=\"#history\">\n\t\t\t<svg xmlns=\"http:\/\/www.w3.org\/2000\/svg\" id=\"f091b371-0a0c-4a7a-b831-d1a750619811\" data-name=\"Layer 1\" viewBox=\"0 0 24.9999 32\"><title>scroll-down-icon<\/title><g id=\"a2db11b3-5623-466b-a28d-fa1595a1ff7d\" data-name=\"Home-Page-\"><g id=\"a060ad71-be4b-4462-8469-bf6bb42ed1bf\" data-name=\"Hero\"><path d=\"M24.8505,18.7959a.5.5,0,0,0-.707.0059L12.871,30.2773V.5a.5.5,0,0,0-1,0V30.2588L.86,18.8057A.5.5,0,1,0,.14,19.499L12.0087,31.8447l.0078.0078.001.001a.5057.5057,0,0,0,.1274.0928h.001l.001.001.0015.0009a.3267.3267,0,0,0,.0415.0176A.5029.5029,0,0,0,12.3573,32h.0288a.4941.4941,0,0,0,.1783-.0391l.02-.0078v-.001h.002l.0014-.0009a.4835.4835,0,0,0,.1358-.0967h0l.0054-.0059L24.8564,19.5029A.5.5,0,0,0,24.8505,18.7959Z\"><\/path><\/g><\/g><\/svg>\t\t\t<\/a>\n\t\t<\/div>\n\t\t\t\t<\/div>\n\t\t\t\t<\/div>\n\t\t\t\t\t<\/div>\n\t\t<\/div>\n\t\t\t\t\t\t\t<\/div>\n\t\t<\/section>\n\t\t\t\t<section class=\"elementor-section elementor-top-section elementor-element elementor-element-13f5a83 elementor-section-height-min-height elementor-section-boxed elementor-section-height-default elementor-section-items-middle\" data-id=\"13f5a83\" data-element_type=\"section\" id=\"history\">\n\t\t\t\t\t\t<div class=\"elementor-container elementor-column-gap-default\">\n\t\t\t\t\t<div class=\"elementor-column elementor-col-100 elementor-top-column elementor-element elementor-element-6757157d elementor-invisible\" data-id=\"6757157d\" data-element_type=\"column\" data-settings=\"{&quot;animation&quot;:&quot;fadeInUp&quot;}\">\n\t\t\t<div class=\"elementor-widget-wrap elementor-element-populated\">\n\t\t\t\t\t\t\t\t<div class=\"elementor-element elementor-element-63996208 elementor-widget elementor-widget-heading\" data-id=\"63996208\" data-element_type=\"widget\" data-widget_type=\"heading.default\">\n\t\t\t\t<div class=\"elementor-widget-container\">\n\t\t\t<h2 class=\"elementor-heading-title elementor-size-default\">NOTRE HISTOIRE<\/h2>\t\t<\/div>\n\t\t\t\t<\/div>\n\t\t\t\t<div class=\"elementor-element elementor-element-afe11e1 elementor-widget elementor-widget-text-editor\" data-id=\"afe11e1\" data-element_type=\"widget\" data-widget_type=\"text-editor.default\">\n\t\t\t\t<div class=\"elementor-widget-container\">\n\t\t\t\t\t\t\t<p>INDUTAN &#8211; Com\u00e9rcio e Industria de Peles SA., entreprise familiale fond\u00e9e en 1993 et situ\u00e9e dans le centre du Portugal, se consacre au traitement des peaux de mouton, en recherchant la plus haute qualit\u00e9, principalement pour les industries de l&rsquo;habillement, de la chaussure et de la maroquinerie. <\/p>\n<p>Dot\u00e9e d&rsquo;installations modernes, d&rsquo;une technologie innovante et d&#8217;employ\u00e9s sp\u00e9cialis\u00e9s qui garantissent le savoir-faire et perp\u00e9tuent la tradition du cuir entre les g\u00e9n\u00e9rations, elle est parvenue \u00e0 occuper une position de premier plan dans son domaine d&rsquo;activit\u00e9.<\/p>\n<p>Des produits au design et \u00e0 la qualit\u00e9 innovants, ainsi qu&rsquo;une adaptation constante aux diverses exigences des march\u00e9s et des clients, ont valu \u00e0 l&rsquo;entreprise une reconnaissance nationale et internationale.<\/p>\n\t\t\t\t\t\t<\/div>\n\t\t\t\t<\/div>\n\t\t\t\t\t<\/div>\n\t\t<\/div>\n\t\t\t\t\t\t\t<\/div>\n\t\t<\/section>\n\t\t\t\t<section class=\"elementor-section elementor-top-section elementor-element elementor-element-464e9059 elementor-section-full_width elementor-section-items-stretch elementor-section-height-min-height elementor-section-height-default\" data-id=\"464e9059\" data-element_type=\"section\" data-settings=\"{&quot;background_background&quot;:&quot;classic&quot;}\">\n\t\t\t\t\t\t\t<div class=\"elementor-background-overlay\"><\/div>\n\t\t\t\t\t\t\t<div class=\"elementor-container elementor-column-gap-default\">\n\t\t\t\t\t<div class=\"elementor-column elementor-col-100 elementor-top-column elementor-element elementor-element-3e37ca1f\" data-id=\"3e37ca1f\" data-element_type=\"column\">\n\t\t\t<div class=\"elementor-widget-wrap elementor-element-populated\">\n\t\t\t\t\t\t\t\t<div class=\"elementor-element elementor-element-5e7bc42a elementor-widget elementor-widget-spacer\" data-id=\"5e7bc42a\" data-element_type=\"widget\" data-widget_type=\"spacer.default\">\n\t\t\t\t<div class=\"elementor-widget-container\">\n\t\t\t<style>\/*! elementor - v3.17.0 - 08-11-2023 *\/\n.elementor-column .elementor-spacer-inner{height:var(--spacer-size)}.e-con{--container-widget-width:100%}.e-con-inner>.elementor-widget-spacer,.e-con>.elementor-widget-spacer{width:var(--container-widget-width,var(--spacer-size));--align-self:var(--container-widget-align-self,initial);--flex-shrink:0}.e-con-inner>.elementor-widget-spacer>.elementor-widget-container,.e-con>.elementor-widget-spacer>.elementor-widget-container{height:100%;width:100%}.e-con-inner>.elementor-widget-spacer>.elementor-widget-container>.elementor-spacer,.e-con>.elementor-widget-spacer>.elementor-widget-container>.elementor-spacer{height:100%}.e-con-inner>.elementor-widget-spacer>.elementor-widget-container>.elementor-spacer>.elementor-spacer-inner,.e-con>.elementor-widget-spacer>.elementor-widget-container>.elementor-spacer>.elementor-spacer-inner{height:var(--container-widget-height,var(--spacer-size))}.e-con-inner>.elementor-widget-spacer.elementor-widget-empty,.e-con>.elementor-widget-spacer.elementor-widget-empty{position:relative;min-height:22px;min-width:22px}.e-con-inner>.elementor-widget-spacer.elementor-widget-empty .elementor-widget-empty-icon,.e-con>.elementor-widget-spacer.elementor-widget-empty .elementor-widget-empty-icon{position:absolute;top:0;bottom:0;left:0;right:0;margin:auto;padding:0;width:22px;height:22px}<\/style>\t\t<div class=\"elementor-spacer\">\n\t\t\t<div class=\"elementor-spacer-inner\"><\/div>\n\t\t<\/div>\n\t\t\t\t<\/div>\n\t\t\t\t<\/div>\n\t\t\t\t\t<\/div>\n\t\t<\/div>\n\t\t\t\t\t\t\t<\/div>\n\t\t<\/section>\n\t\t\t\t<section class=\"elementor-section elementor-top-section elementor-element elementor-element-7a9af42e elementor-section-height-min-height elementor-section-boxed elementor-section-height-default elementor-section-items-middle\" data-id=\"7a9af42e\" data-element_type=\"section\">\n\t\t\t\t\t\t<div class=\"elementor-container elementor-column-gap-default\">\n\t\t\t\t\t<div class=\"elementor-column elementor-col-100 elementor-top-column elementor-element elementor-element-6acb5f53\" data-id=\"6acb5f53\" data-element_type=\"column\">\n\t\t\t<div class=\"elementor-widget-wrap elementor-element-populated\">\n\t\t\t\t\t\t\t\t<div class=\"elementor-element elementor-element-2666f0b2 elementor-invisible elementor-widget elementor-widget-heading\" data-id=\"2666f0b2\" data-element_type=\"widget\" data-settings=\"{&quot;_animation&quot;:&quot;fadeInUp&quot;}\" data-widget_type=\"heading.default\">\n\t\t\t\t<div class=\"elementor-widget-container\">\n\t\t\t<h2 class=\"elementor-heading-title elementor-size-default\">ENTREPRISE<\/h2>\t\t<\/div>\n\t\t\t\t<\/div>\n\t\t\t\t<section class=\"elementor-section elementor-inner-section elementor-element elementor-element-751bd30d elementor-section-boxed elementor-section-height-default elementor-section-height-default\" data-id=\"751bd30d\" data-element_type=\"section\">\n\t\t\t\t\t\t<div class=\"elementor-container elementor-column-gap-default\">\n\t\t\t\t\t<div class=\"elementor-column elementor-col-33 elementor-inner-column elementor-element elementor-element-49cb17fb elementor-invisible\" data-id=\"49cb17fb\" data-element_type=\"column\" data-settings=\"{&quot;animation&quot;:&quot;fadeInLeft&quot;}\">\n\t\t\t<div class=\"elementor-widget-wrap elementor-element-populated\">\n\t\t\t\t\t\t\t\t<div class=\"elementor-element elementor-element-7e3bcefb elementor-view-default elementor-position-top elementor-mobile-position-top elementor-widget elementor-widget-icon-box\" data-id=\"7e3bcefb\" data-element_type=\"widget\" data-widget_type=\"icon-box.default\">\n\t\t\t\t<div class=\"elementor-widget-container\">\n\t\t\t<link rel=\"stylesheet\" href=\"https:\/\/indutan.pt\/wp-content\/plugins\/elementor\/assets\/css\/widget-icon-box.min.css\">\t\t<div class=\"elementor-icon-box-wrapper\">\n\t\t\t\t\t\t<div class=\"elementor-icon-box-icon\">\n\t\t\t\t<span  class=\"elementor-icon elementor-animation-float\">\n\t\t\t\t<svg xmlns=\"http:\/\/www.w3.org\/2000\/svg\" id=\"efbc3ab9-b46b-4a10-a0c8-be38c001e3f4\" data-name=\"Layer 1\" viewBox=\"0 0 46.5128 59.959\"><path d=\"M52.0541,12.6211l-.0352-.5693L28.3856,0,5.7948,12.0815l-.0039.5948c-.001.1582-.106,15.8535,0,20.8169.1035,4.8271,5.852,17.5908,22.9634,26.23l.4673.2363.46-.25c16.1987-8.7813,22.0532-15.64,22.3736-26.2041C52.5062,20.1357,52.059,12.6948,52.0541,12.6211Zm-1.9981,20.82c-.292,9.6211-5.7636,16.0039-20.8662,24.2578C13.4061,49.5547,7.8807,37.668,7.7909,33.45c-.0938-4.3853-.022-17.2437-.0039-20.166L28.4081,2.2559,50.0873,13.3115C50.1791,15.2715,50.433,22.2568,50.056,33.4414Z\" transform=\"translate(-5.7436)\"><\/path><polygon points=\"20.315 33.71 15.963 30.018 14.669 31.543 20.443 36.442 31.525 25.093 30.095 23.696 20.315 33.71\"><\/polygon><\/svg>\t\t\t\t<\/span>\n\t\t\t<\/div>\n\t\t\t\t\t\t<div class=\"elementor-icon-box-content\">\n\t\t\t\t<h3 class=\"elementor-icon-box-title\">\n\t\t\t\t\t<span  >\n\t\t\t\t\t\tMission\t\t\t\t\t<\/span>\n\t\t\t\t<\/h3>\n\t\t\t\t\t\t\t\t\t<p class=\"elementor-icon-box-description\">\n\t\t\t\t\t\tD\u00e9velopper un produit de qualit\u00e9, g\u00e9n\u00e9rer des partenariats d'excellence avec les clients et les fournisseurs, tout en renfor\u00e7ant notre engagement en mati\u00e8re de responsabilit\u00e9 environnementale et sociale et en am\u00e9liorant la culture organisationnelle, afin de pr\u00e9server la durabilit\u00e9 de l'entreprise.\t\t\t\t\t<\/p>\n\t\t\t\t\t\t\t<\/div>\n\t\t<\/div>\n\t\t\t\t<\/div>\n\t\t\t\t<\/div>\n\t\t\t\t\t<\/div>\n\t\t<\/div>\n\t\t\t\t<div class=\"elementor-column elementor-col-33 elementor-inner-column elementor-element elementor-element-3904c202 elementor-invisible\" data-id=\"3904c202\" data-element_type=\"column\" data-settings=\"{&quot;animation&quot;:&quot;fadeInUp&quot;}\">\n\t\t\t<div class=\"elementor-widget-wrap elementor-element-populated\">\n\t\t\t\t\t\t\t\t<div class=\"elementor-element elementor-element-60f76c83 elementor-view-default elementor-position-top elementor-mobile-position-top elementor-widget elementor-widget-icon-box\" data-id=\"60f76c83\" data-element_type=\"widget\" data-widget_type=\"icon-box.default\">\n\t\t\t\t<div class=\"elementor-widget-container\">\n\t\t\t\t\t<div class=\"elementor-icon-box-wrapper\">\n\t\t\t\t\t\t<div class=\"elementor-icon-box-icon\">\n\t\t\t\t<span  class=\"elementor-icon elementor-animation-float\">\n\t\t\t\t<svg xmlns=\"http:\/\/www.w3.org\/2000\/svg\" id=\"fa4cd7e0-f8ad-4a34-83cb-d46822b6c130\" data-name=\"Layer 1\" viewBox=\"0 0 48.4473 56.3276\"><path d=\"M33.0264.8335A21.46,21.46,0,0,0,11.83,22.5a21.8085,21.8085,0,0,0,8.2451,17.1341L5.7764,55.8389l1.5,1.3222L21.7077,40.8056A20.7316,20.7316,0,0,0,33.0264,44.167,21.46,21.46,0,0,0,54.2236,22.5,21.46,21.46,0,0,0,33.0264.8335Zm0,41.3335a18.7084,18.7084,0,0,1-9.493-2.5953c.2193-.9962,2.0275-8.0717,9.1307-8.0717h.0478c6.8436.0312,8.6734,7.0132,8.9887,8.5215A18.6875,18.6875,0,0,1,33.0264,42.167Zm10.4664-3.2017c-.722-2.6331-3.3082-9.432-10.7711-9.4653h-.0586c-7.4672,0-10.14,6.4784-10.88,8.9067A19.7865,19.7865,0,0,1,13.83,22.5,19.458,19.458,0,0,1,33.0264,2.8335,19.4584,19.4584,0,0,1,52.2236,22.5,19.7775,19.7775,0,0,1,43.4928,38.9653ZM33.5264,16.8335A5.6665,5.6665,0,1,0,39.1934,22.5,5.6729,5.6729,0,0,0,33.5264,16.8335Zm0,9.333A3.6665,3.6665,0,1,1,37.1934,22.5,3.6709,3.6709,0,0,1,33.5264,26.1665Z\" transform=\"translate(-5.7764 -0.8335)\"><\/path><\/svg>\t\t\t\t<\/span>\n\t\t\t<\/div>\n\t\t\t\t\t\t<div class=\"elementor-icon-box-content\">\n\t\t\t\t<h3 class=\"elementor-icon-box-title\">\n\t\t\t\t\t<span  >\n\t\t\t\t\t\tVision\t\t\t\t\t<\/span>\n\t\t\t\t<\/h3>\n\t\t\t\t\t\t\t\t\t<p class=\"elementor-icon-box-description\">\n\t\t\t\t\t\tNotre objectif est d'\u00eatre une entreprise de r\u00e9f\u00e9rence nationale et internationale, apportant les bonnes r\u00e9ponses aux besoins de nos clients, en nous appuyant sur notre longue exp\u00e9rience, sur les comp\u00e9tences et le talent de nos \u00e9quipes, et en suivant de pr\u00e8s les \u00e9volutions du march\u00e9. Notre but ultime est de toujours r\u00e9pondre aux besoins et aux d\u00e9fis de nos clients, afin de leur permettre d'atteindre leurs objectifs et leur succ\u00e8s\t\t\t\t\t<\/p>\n\t\t\t\t\t\t\t<\/div>\n\t\t<\/div>\n\t\t\t\t<\/div>\n\t\t\t\t<\/div>\n\t\t\t\t\t<\/div>\n\t\t<\/div>\n\t\t\t\t<div class=\"elementor-column elementor-col-33 elementor-inner-column elementor-element elementor-element-32850cd elementor-invisible\" data-id=\"32850cd\" data-element_type=\"column\" data-settings=\"{&quot;animation&quot;:&quot;fadeInRight&quot;}\">\n\t\t\t<div class=\"elementor-widget-wrap elementor-element-populated\">\n\t\t\t\t\t\t\t\t<div class=\"elementor-element elementor-element-6716d85a elementor-view-default elementor-position-top elementor-mobile-position-top elementor-widget elementor-widget-icon-box\" data-id=\"6716d85a\" data-element_type=\"widget\" data-widget_type=\"icon-box.default\">\n\t\t\t\t<div class=\"elementor-widget-container\">\n\t\t\t\t\t<div class=\"elementor-icon-box-wrapper\">\n\t\t\t\t\t\t<div class=\"elementor-icon-box-icon\">\n\t\t\t\t<span  class=\"elementor-icon elementor-animation-float\">\n\t\t\t\t<svg xmlns=\"http:\/\/www.w3.org\/2000\/svg\" id=\"fc722ea5-b782-4730-baaa-dddabab620fe\" data-name=\"Layer 1\" viewBox=\"0 0 60 58\"><g id=\"f3fee55b-3851-40f1-9de8-4e5d2b99c307\" data-name=\"Website-Chosen-Pages\"><g id=\"a8d0d249-76bc-4996-a26e-d2d7b0ac5164\" data-name=\"Who-We-Are-Page\"><g id=\"abe884ce-ea39-415e-b9d0-ec08a9510078\" data-name=\"quality-icon\"><path id=\"bc3aaa42-d692-49ec-8a09-3a34914d9f4a\" data-name=\"Shape\" d=\"M30,5.233,23.4482,21.0746,22.9829,22.2,21.77,22.303,4.8487,23.7474l12.8788,11.3.8986.7883L18.3573,37,14.483,53.79l14.4686-8.9062L30,44.2386l1.0484.6453L45.517,53.79,41.6427,37l-.2688-1.1647.8986-.7883,12.8788-11.3L38.23,22.303,37.017,22.2l-.4652-1.1249L30,5.233M30,0l8.4,20.31L60,22.154,43.5915,36.55,48.541,58,30,46.5871,11.459,58l4.95-21.45L0,22.154,21.6,20.31Z\" transform=\"translate(0)\"><\/path><\/g><\/g><\/g><\/svg>\t\t\t\t<\/span>\n\t\t\t<\/div>\n\t\t\t\t\t\t<div class=\"elementor-icon-box-content\">\n\t\t\t\t<h3 class=\"elementor-icon-box-title\">\n\t\t\t\t\t<span  >\n\t\t\t\t\t\tValeurs\t\t\t\t\t<\/span>\n\t\t\t\t<\/h3>\n\t\t\t\t\t\t\t\t\t<p class=\"elementor-icon-box-description\">\n\t\t\t\t\t\tNos valeurs sont la qualit\u00e9, l'innovation, la durabilit\u00e9, la responsabilit\u00e9 environnementale et sociale, l'ambition, l'\u00e9thique, le professionnalisme, le respect, l'int\u00e9gration et la diversit\u00e9.\t\t\t\t\t<\/p>\n\t\t\t\t\t\t\t<\/div>\n\t\t<\/div>\n\t\t\t\t<\/div>\n\t\t\t\t<\/div>\n\t\t\t\t\t<\/div>\n\t\t<\/div>\n\t\t\t\t\t\t\t<\/div>\n\t\t<\/section>\n\t\t\t\t\t<\/div>\n\t\t<\/div>\n\t\t\t\t\t\t\t<\/div>\n\t\t<\/section>\n\t\t\t\t<section class=\"elementor-section elementor-top-section elementor-element elementor-element-cd27dff elementor-section-full_width elementor-section-items-stretch elementor-section-height-min-height elementor-section-height-default\" data-id=\"cd27dff\" data-element_type=\"section\" data-settings=\"{&quot;background_background&quot;:&quot;video&quot;,&quot;background_video_link&quot;:&quot;\\\/wp-content\\\/uploads\\\/2023\\\/03\\\/WhatsApp-Video-2023-03-15-at-10.16.25.mp4&quot;,&quot;background_play_on_mobile&quot;:&quot;yes&quot;}\">\n\t\t\t\t\t\t\t\t<div class=\"elementor-background-video-container\">\n\t\t\t\t\t\t\t\t\t\t\t\t\t<video class=\"elementor-background-video-hosted elementor-html5-video\" autoplay muted playsinline loop><\/video>\n\t\t\t\t\t\t\t\t\t\t\t<\/div>\n\t\t\t\t\t\t\t\t\t<div class=\"elementor-background-overlay\"><\/div>\n\t\t\t\t\t\t\t<div class=\"elementor-container elementor-column-gap-default\">\n\t\t\t\t\t<div class=\"elementor-column elementor-col-100 elementor-top-column elementor-element elementor-element-e106f8e\" data-id=\"e106f8e\" data-element_type=\"column\">\n\t\t\t<div class=\"elementor-widget-wrap elementor-element-populated\">\n\t\t\t\t\t\t\t\t<div class=\"elementor-element elementor-element-6eeb968 elementor-widget elementor-widget-spacer\" data-id=\"6eeb968\" data-element_type=\"widget\" data-widget_type=\"spacer.default\">\n\t\t\t\t<div class=\"elementor-widget-container\">\n\t\t\t\t\t<div class=\"elementor-spacer\">\n\t\t\t<div class=\"elementor-spacer-inner\"><\/div>\n\t\t<\/div>\n\t\t\t\t<\/div>\n\t\t\t\t<\/div>\n\t\t\t\t\t<\/div>\n\t\t<\/div>\n\t\t\t\t\t\t\t<\/div>\n\t\t<\/section>\n\t\t\t\t\t\t\t<\/div>\n\t\t","protected":false},"excerpt":{"rendered":"<p>PROPOS DE NOUS INDUTAN &#8211; COM\u00c9RCIO E IND\u00daSTRIA DE PELES S.A. scroll-down-icon NOTRE HISTOIRE INDUTAN &#8211; Com\u00e9rcio e Industria de Peles SA., entreprise familiale fond\u00e9e en 1993 et situ\u00e9e dans le centre du Portugal, se consacre au traitement des peaux de mouton, en recherchant la plus haute qualit\u00e9, principalement pour les industries de l&rsquo;habillement, de [&hellip;]<\/p>\n","protected":false},"author":1,"featured_media":0,"parent":0,"menu_order":0,"comment_status":"closed","ping_status":"closed","template":"elementor_header_footer","meta":{"footnotes":""},"class_list":["post-2306","page","type-page","status-publish","hentry"],"_links":{"self":[{"href":"http:\/\/indutan.pt\/fr\/wp-json\/wp\/v2\/pages\/2306","targetHints":{"allow":["GET"]}}],"collection":[{"href":"http:\/\/indutan.pt\/fr\/wp-json\/wp\/v2\/pages"}],"about":[{"href":"http:\/\/indutan.pt\/fr\/wp-json\/wp\/v2\/types\/page"}],"author":[{"embeddable":true,"href":"http:\/\/indutan.pt\/fr\/wp-json\/wp\/v2\/users\/1"}],"replies":[{"embeddable":true,"href":"http:\/\/indutan.pt\/fr\/wp-json\/wp\/v2\/comments?post=2306"}],"version-history":[{"count":8,"href":"http:\/\/indutan.pt\/fr\/wp-json\/wp\/v2\/pages\/2306\/revisions"}],"predecessor-version":[{"id":2406,"href":"http:\/\/indutan.pt\/fr\/wp-json\/wp\/v2\/pages\/2306\/revisions\/2406"}],"wp:attachment":[{"href":"http:\/\/indutan.pt\/fr\/wp-json\/wp\/v2\/media?parent=2306"}],"curies":[{"name":"wp","href":"https:\/\/api.w.org\/{rel}","templated":true}]}}